{"id":3432,"date":"2018-06-07T15:30:18","date_gmt":"2018-06-07T15:30:18","guid":{"rendered":"https:\/\/borges.es\/?page_id=3432"},"modified":"2023-10-19T11:00:31","modified_gmt":"2023-10-19T09:00:31","slug":"avis-legal","status":"publish","type":"page","link":"https:\/\/borges.es\/ca\/avis-legal\/","title":{"rendered":"Av\u00eds legal"},"content":{"rendered":"<p><span id=\"result_box\" class=\"\" lang=\"ca\"><span title=\"Condiciones de Uso del portal \u00a0\u00a0\u00a0\u00a0\"><strong>x\u00baCondicions d\u2019\u00fas del portal<\/strong><\/span><\/span><\/p>\n<p><span title=\"Mediante esta p\u00e1gina web se facilita el acceso al portal web de BORGES.\">Mitjan\u00e7ant aquesta p\u00e0gina web es facilita l\u2019acc\u00e9s al portal web de BORGES.\u00a0<\/span><span title=\"El hecho de conectarse a esta p\u00e1gina web implica la aceptaci\u00f3n del presente Aviso Legal. \u00a0\u00a0\u00a0\u00a0\">El fet de connectar-se a aquesta p\u00e0gina web implica l\u2019acceptaci\u00f3 del present Av\u00eds Legal.<\/span><\/p>\n<p><span title=\"Identificaci\u00f3n de la empresa \u00a0\u00a0\u00a0\u00a0\"><strong>Identificaci\u00f3 de l\u2019empresa<\/strong><\/span><\/p>\n<p><span title=\"En cumplimiento del art\u00edculo 10 de la Ley de Servicios de la Sociedad de la Informaci\u00f3n y Comercio Electr\u00f3nico BORGES informa: \u00a0\u00a0\u00a0\u00a0\">En compliment de l\u2019article 10 de la Llei de Serveis de la Societat de la Informaci\u00f3 i Comer\u00e7 Electr\u00f2nic, BORGES informa:<\/span><\/p>\n<p><span title=\"Titular de la web: borges.es. \u00a0\u00a0\u00a0\u00a0\">Titular del web: borges.es.<\/span><\/p>\n<p>&nbsp;<\/p>\n<p>BORGES INTERNATIONAL GROUP S.L.<br \/>\nNIF B-43214139<br \/>\nDomicili: C\/Flix, n\u00ba 29, 43205 Reus (Tarragona)<br \/>\nInscrita al Registre Mercantil de Tarragona, al Tomo 2719, Folio 46, Hoja T-3831<\/p>\n<p><span title=\"Atenci\u00f3n al Cliente \u00a0\u00a0\u00a0\u00a0\">Atenci\u00f3 al Client:<\/span><\/p>\n<p><span title=\"Tel\u00e9fono: 902157326 \u00a0\u00a0\u00a0\u00a0\">Tel\u00e8fon: +34 900 10 28 90<br \/>\n<\/span><span title=\"E-mail: contacto@borges.es \u00a0\u00a0\u00a0\u00a0\">Correu electr\u00f2nic: <a href=\"mailto:contacto@borges.es\">contacto@borges-bbf.com<\/a><\/span><\/p>\n<p>&nbsp;<\/p>\n<p><span title=\"Propiedad Intelectual \u00a0\u00a0\u00a0\u00a0\"><strong>Propietat Intel\u00b7lectual<\/strong><\/span><\/p>\n<p><span title=\"Todos los contenidos del Portal, entendiendo por estos a t\u00edtulo meramente enunciativo los textos, fotograf\u00edas, gr\u00e1ficos, im\u00e1genes, iconos, tecnolog\u00eda, software, links y dem\u00e1s contenidos, as\u00ed como su dise\u00f1o gr\u00e1fico y c\u00f3digos fuente son propiedad intelectual de nuestra compa\u00f1\u00eda y de terceros\">Tots els continguts del Portal, entenent per aquests a t\u00edtol merament enunciatiu els textos, fotografies, gr\u00e0fics, imatges, icones, tecnologia, programari, links i altres continguts, aix\u00ed com el seu disseny gr\u00e0fic i codis font s\u00f3n propietat intel\u00b7lectual de la nostra companyia i de tercers\u00a0<\/span><span title=\", sin que puedan entenderse cedidos al Usuario ninguno de los derechos de explotaci\u00f3n sobre los mismos m\u00e1s all\u00e1 de lo estrictamente necesario para el correcto uso del Portal. \u00a0\u00a0\u00a0\u00a0\">, sense que puguin entendre cedits a l\u2019Usuari cap dels drets d\u2019explotaci\u00f3 sobre els mateixos m\u00e9s enll\u00e0 de l\u2019estrictament necessari per al correcte \u00fas del Portal.<\/span><\/p>\n<p><span title=\"Estos derechos est\u00e1n registrados en el Registro de la Propiedad Intelectual. \u00a0\u00a0\u00a0\u00a0\">Aquests drets estan registrats en el Registre de la Propietat Intel\u00b7lectual.<\/span><\/p>\n<p><span title=\"Todos los derechos reservados. \u00a0\u00a0\u00a0\u00a0\">Tots els drets reservats.<\/span><\/p>\n<p><span title=\"Otros \u00a0\u00a0\u00a0\u00a0\"><strong>Altres<\/strong><\/span><\/p>\n<p>BORGES no es fa responsable dels llocs web de tercers als quals s&#8217;accedeix mitjan\u00e7ant enlla\u00e7os des de la seva web.<\/p>\n<p><span title=\"Respecto los links o hiperenlaces declinamos toda responsabilidad por aquellos que remitan a nuestra p\u00e1gina web y en el caso de aquellos que aparezcan en nuestra p\u00e1gina la conexi\u00f3n lo har\u00e1n a t\u00edtulo informativo y deben tener nuestra autorizaci\u00f3n.\">Respecte els links o hiperenlla\u00e7os declinem tota responsabilitat per aquells que remetin a la nostra p\u00e0gina web i en el cas d\u2019aquells que apareguin a la nostra p\u00e0gina la connexi\u00f3 ho faran a t\u00edtol informatiu i han de tenir la nostra autoritzaci\u00f3.<\/span><\/p>\n","protected":false},"excerpt":{"rendered":"<p>x\u00baCondicions d\u2019\u00fas del portal Mitjan\u00e7ant aquesta p\u00e0gina web es facilita l\u2019acc\u00e9s al portal web de BORGES.\u00a0El fet de connectar-se a&#8230;<\/p>\n","protected":false},"author":2,"featured_media":0,"parent":0,"menu_order":0,"comment_status":"closed","ping_status":"closed","template":"","meta":{"_acf_changed":false,"footnotes":""},"class_list":["post-3432","page","type-page","status-publish","hentry"],"acf":[],"yoast_head":"<!-- This site is optimized with the Yoast SEO plugin v27.5 - https:\/\/yoast.com\/product\/yoast-seo-wordpress\/ -->\n<title>Av\u00eds legal - Borges<\/title>\n<meta name=\"robots\" content=\"noindex, follow\" \/>\n<meta property=\"og:locale\" content=\"ca_ES\" \/>\n<meta property=\"og:type\" content=\"article\" \/>\n<meta property=\"og:title\" content=\"Av\u00eds legal - Borges\" \/>\n<meta property=\"og:description\" content=\"x\u00baCondicions d\u2019\u00fas del portal Mitjan\u00e7ant aquesta p\u00e0gina web es facilita l\u2019acc\u00e9s al portal web de BORGES.\u00a0El fet de connectar-se a...\" \/>\n<meta property=\"og:url\" content=\"https:\/\/borges.es\/ca\/avis-legal\/\" \/>\n<meta property=\"og:site_name\" content=\"Borges\" \/>\n<meta property=\"article:modified_time\" content=\"2023-10-19T09:00:31+00:00\" \/>\n<meta name=\"twitter:card\" content=\"summary_large_image\" \/>\n<meta name=\"twitter:label1\" content=\"Temps estimat de lectura\" \/>\n\t<meta name=\"twitter:data1\" content=\"2 minuts\" \/>\n<script type=\"application\/ld+json\" class=\"yoast-schema-graph\">{\"@context\":\"https:\\\/\\\/schema.org\",\"@graph\":[{\"@type\":\"WebPage\",\"@id\":\"https:\\\/\\\/borges.es\\\/ca\\\/avis-legal\\\/\",\"url\":\"https:\\\/\\\/borges.es\\\/ca\\\/avis-legal\\\/\",\"name\":\"Av\u00eds legal - Borges\",\"isPartOf\":{\"@id\":\"https:\\\/\\\/borges.es\\\/ca\\\/#website\"},\"datePublished\":\"2018-06-07T15:30:18+00:00\",\"dateModified\":\"2023-10-19T09:00:31+00:00\",\"breadcrumb\":{\"@id\":\"https:\\\/\\\/borges.es\\\/ca\\\/avis-legal\\\/#breadcrumb\"},\"inLanguage\":\"ca\",\"potentialAction\":[{\"@type\":\"ReadAction\",\"target\":[\"https:\\\/\\\/borges.es\\\/ca\\\/avis-legal\\\/\"]}]},{\"@type\":\"BreadcrumbList\",\"@id\":\"https:\\\/\\\/borges.es\\\/ca\\\/avis-legal\\\/#breadcrumb\",\"itemListElement\":[{\"@type\":\"ListItem\",\"position\":1,\"name\":\"Home\",\"item\":\"https:\\\/\\\/borges.es\\\/ca\\\/\"},{\"@type\":\"ListItem\",\"position\":2,\"name\":\"Av\u00eds legal\"}]},{\"@type\":\"WebSite\",\"@id\":\"https:\\\/\\\/borges.es\\\/ca\\\/#website\",\"url\":\"https:\\\/\\\/borges.es\\\/ca\\\/\",\"name\":\"Borges\",\"description\":\"Aqu\u00ed disfrutamos de la cocina saludable y sabrosa. \u00bfTe apuntas?\",\"inLanguage\":\"ca\"}]}<\/script>\n<!-- \/ Yoast SEO plugin. -->","yoast_head_json":{"title":"Av\u00eds legal - Borges","robots":{"index":"noindex","follow":"follow"},"og_locale":"ca_ES","og_type":"article","og_title":"Av\u00eds legal - Borges","og_description":"x\u00baCondicions d\u2019\u00fas del portal Mitjan\u00e7ant aquesta p\u00e0gina web es facilita l\u2019acc\u00e9s al portal web de BORGES.\u00a0El fet de connectar-se a...","og_url":"https:\/\/borges.es\/ca\/avis-legal\/","og_site_name":"Borges","article_modified_time":"2023-10-19T09:00:31+00:00","twitter_card":"summary_large_image","twitter_misc":{"Temps estimat de lectura":"2 minuts"},"schema":{"@context":"https:\/\/schema.org","@graph":[{"@type":"WebPage","@id":"https:\/\/borges.es\/ca\/avis-legal\/","url":"https:\/\/borges.es\/ca\/avis-legal\/","name":"Av\u00eds legal - Borges","isPartOf":{"@id":"https:\/\/borges.es\/ca\/#website"},"datePublished":"2018-06-07T15:30:18+00:00","dateModified":"2023-10-19T09:00:31+00:00","breadcrumb":{"@id":"https:\/\/borges.es\/ca\/avis-legal\/#breadcrumb"},"inLanguage":"ca","potentialAction":[{"@type":"ReadAction","target":["https:\/\/borges.es\/ca\/avis-legal\/"]}]},{"@type":"BreadcrumbList","@id":"https:\/\/borges.es\/ca\/avis-legal\/#breadcrumb","itemListElement":[{"@type":"ListItem","position":1,"name":"Home","item":"https:\/\/borges.es\/ca\/"},{"@type":"ListItem","position":2,"name":"Av\u00eds legal"}]},{"@type":"WebSite","@id":"https:\/\/borges.es\/ca\/#website","url":"https:\/\/borges.es\/ca\/","name":"Borges","description":"Aqu\u00ed disfrutamos de la cocina saludable y sabrosa. \u00bfTe apuntas?","inLanguage":"ca"}]}},"_links":{"self":[{"href":"https:\/\/borges.es\/ca\/wp-json\/wp\/v2\/pages\/3432","targetHints":{"allow":["GET"]}}],"collection":[{"href":"https:\/\/borges.es\/ca\/wp-json\/wp\/v2\/pages"}],"about":[{"href":"https:\/\/borges.es\/ca\/wp-json\/wp\/v2\/types\/page"}],"author":[{"embeddable":true,"href":"https:\/\/borges.es\/ca\/wp-json\/wp\/v2\/users\/2"}],"replies":[{"embeddable":true,"href":"https:\/\/borges.es\/ca\/wp-json\/wp\/v2\/comments?post=3432"}],"version-history":[{"count":5,"href":"https:\/\/borges.es\/ca\/wp-json\/wp\/v2\/pages\/3432\/revisions"}],"predecessor-version":[{"id":43716,"href":"https:\/\/borges.es\/ca\/wp-json\/wp\/v2\/pages\/3432\/revisions\/43716"}],"wp:attachment":[{"href":"https:\/\/borges.es\/ca\/wp-json\/wp\/v2\/media?parent=3432"}],"curies":[{"name":"wp","href":"https:\/\/api.w.org\/{rel}","templated":true}]}}