{"id":3442,"date":"2018-06-07T15:38:33","date_gmt":"2018-06-07T15:38:33","guid":{"rendered":"https:\/\/borges.es\/?page_id=3442"},"modified":"2024-10-11T14:23:19","modified_gmt":"2024-10-11T12:23:19","slug":"politica-de-privadesa","status":"publish","type":"page","link":"https:\/\/borges.es\/ca\/politica-de-privadesa\/","title":{"rendered":"Pol\u00edtica de privadesa"},"content":{"rendered":"<p><strong><u>Pol\u00edtica<\/u><\/strong><strong><u>\u00a0de privacitat i registre d&#8217;activitats<\/u><\/strong><\/p>\n<p>D&#8217;acord amb el Reglament Europeu de Privacitat 679\/2016, t&#8217;informem que les dades passaran a formar part d&#8217;un fitxer responsabilitat de l&#8217;empresa titular del web amb la finalitat de gestionar la teva consulta i\/o relaci\u00f3. Les teves dades seran conservades mentre es gestiona la relaci\u00f3 i poden ser comunicades entre les empreses de Borges International Group en cas de cessi\u00f3 d&#8217;actius (Veure llistat a www.borgesinternationalgroup.es). El delegat de Protecci\u00f3 de dades \u00e9s UNIVER IURIS S.L. (<a href=\"http:\/\/www.uneon.es\/\">www.uneon.es<\/a>). L&#8217;usuari t\u00e9 el dret d&#8217;acc\u00e9s, limitaci\u00f3, portabilitat, reclamaci\u00f3 a l&#8217;Autoritat Espanyola de Protecci\u00f3 de Dades, supressi\u00f3 o oblit, rectificaci\u00f3, cancel\u00b7laci\u00f3 i oposici\u00f3 al tractament de dades mitjan\u00e7ant el correu electr\u00f2nic\u00a0<a href=\"mailto:lopd@borges-big.com\">lopd@borges-big.com<\/a>\u00a0o al domicili social situat al Carrer Flix n\u00ba29 43205 Reus (Tarragona). Donarem resposta a qualsevol petici\u00f3.<\/p>\n<p>D&#8217;acord amb el Reglament Europeu, facilitem informaci\u00f3 del Registre d&#8217;Activitats.<\/p>\n<div class=\"table-responsive\">\n<table class=\"responsive\">\n<tbody>\n<tr>\n<td colspan=\"2\"><strong>Fitxa registre d&#8217;activitats<\/strong><\/td>\n<\/tr>\n<tr>\n<td>Responsable del fitxer i tractament<\/td>\n<td>Borges International Group, S.L.U. Domicili: Carrer Flix 29, 43205 Reus CIF: B43214139<\/p>\n<p>Correu electr\u00f2nic de contacte:\u00a0<a href=\"mailto:lopd@borges-big.com\">lopd@borges-big.com<\/a><\/p>\n<p>Tel\u00e8fon: +34 977 30 90 00<\/td>\n<\/tr>\n<tr>\n<td>Delegat del tractament<\/td>\n<td>UNIVER IURIS S.L. Moll de la Marina n\u00ba6 Port Ol\u00edmpic Barcelona CIF B63044010<\/p>\n<p>consultes@uneon.es<\/td>\n<\/tr>\n<tr>\n<td>Activitat, finalitat del tractament<\/td>\n<td>Tractament de dades de Curr\u00edculums per a la gesti\u00f3 de lloc de treball, treballadors per a la gesti\u00f3 laboral, clients per a la gesti\u00f3 fiscal, consumidors per a la gesti\u00f3 del club i promocions, v\u00eddeo vigilats per a la seguretat, clients i prove\u00efdors per a la gesti\u00f3 fiscal i contactes.<br \/>\nL&#8217;\u00fas i transfer\u00e8ncia d&#8217;informaci\u00f3 rebuda de les API de Google a qualsevol altra aplicaci\u00f3 s&#8217;adheriran a la\u00a0<a href=\"https:\/\/developers.google.com\/terms\/api-services-user-data-policy#additional_requirements_for_specific_api_scopes\">Pol\u00edtica de dades d&#8217;usuari dels serveis API<\/a>.<\/td>\n<\/tr>\n<tr>\n<td>Categoria<\/td>\n<td>Curr\u00edculums: Dades identificatives Treballadors: Dades identificatives, compte bancari i les pr\u00f2pies exig\u00e8ncies legals de seguretat social, INEM, etc. Clients, contactes i prove\u00efdors: Dades identificatives<\/p>\n<p>Consumidors: Dades identificatives<\/p>\n<p>V\u00eddeo vigilats: Dada imatge<\/td>\n<\/tr>\n<tr>\n<td>Per\u00edode de conservaci\u00f3<\/td>\n<td>Durant els terminis de responsabilitat laboral, fiscal i civil<\/td>\n<\/tr>\n<tr>\n<td>Mesures de seguretat<\/td>\n<td>Per raons de seguretat s&#8217;atendr\u00e0 \u00fanicament a peticions fonamentades en el contacte DPO.<\/td>\n<\/tr>\n<\/tbody>\n<\/table>\n<\/div>\n<p>&nbsp;<\/p>\n<p><strong>1. Quins dades es capten del Social login? Amb quina base legal es tracten aquestes dades? Acc\u00e9s i \u00fas de dades<\/strong><\/p>\n<p>Les dades que es capten de GOOGLE s\u00f3n dades b\u00e0siques de perfil, com el nom i l\u2019adre\u00e7a de correu electr\u00f2nic, aix\u00ed com informaci\u00f3 addicional que l&#8217;usuari hagi decidit fer p\u00fablica al seu perfil, com la data de naixement o prefer\u00e8ncies generals. Aquestes dades s\u2019utilitzen \u00fanicament per personalitzar l&#8217;experi\u00e8ncia de l&#8217;usuari a la nostra plataforma, facilitar l&#8217;autenticaci\u00f3 i proporcionar funcionalitats m\u00e9s adequades.<\/p>\n<p>Tractem les teves dades personals amb les seg\u00fcents bases legals:<\/p>\n<ul>\n<li>El consentiment de l&#8217;usuari en relaci\u00f3 amb el contacte i l&#8217;enviament de comunicacions comercials, via mail, cookies o sistemes de missatgeria.<\/li>\n<\/ul>\n<p><strong>2. Quins s\u00f3n els teus drets pel que fa a l&#8217;\u00fas de les teves dades?<\/strong><br \/>\nLes persones interessades tenen dret a:<\/p>\n<ul>\n<li>Sol\u00b7licitar l&#8217;acc\u00e9s a les dades personals relatives a l&#8217;interessat.<\/li>\n<li>Sol\u00b7licitar-ne la rectificaci\u00f3 o supressi\u00f3.<\/li>\n<li>Sol\u00b7licitar-ne la cancel\u00b7laci\u00f3.<\/li>\n<li>Sol\u00b7licitar la limitaci\u00f3 del seu tractament.<\/li>\n<li>Oposar-se al tractament.<\/li>\n<li>Sol\u00b7licitar la portabilitat de les dades.<\/li>\n<\/ul>\n<p>El delegat de Protecci\u00f3 de dades \u00e9s UNIVER IURIS S.L. (<a href=\"http:\/\/www.uneon.es\">www.uneon.es<\/a>).<br \/>\nL&#8217;usuari t\u00e9 el dret d&#8217;exercici de drets en e-mail <a href=\"mailto:lopd@borges-big.com\">lopd@borges-big.com<\/a> o al domicili social situat al Carrer Flix n\u00ba29 43205 Reus (Tarragona). Respondrem a qualsevol petici\u00f3.<\/p>\n<p>Si has atorgat el teu consentiment per a alguna finalitat concreta, tens dret a retirar el consentiment atorgat en qualsevol moment, sense que aix\u00f2 afecti la licitud del tractament basat en el consentiment previ a la seva retirada.<\/p>\n<p>En cas que sentis vulnerats els teus drets pel que fa a la protecci\u00f3 de les teves dades personals, especialment quan no hagis obtingut satisfacci\u00f3 en l&#8217;exercici dels teus drets, pots presentar una reclamaci\u00f3 davant l&#8217;Autoritat de Control en mat\u00e8ria de Protecci\u00f3 de Dades competent a trav\u00e9s del seu lloc web: <a href=\"https:\/\/www.aepd.es\/es\">https:\/\/www.aepd.es\/es<\/a><\/p>\n<p>Hi ha un formulari per a l&#8217;exercici dels teus drets, el pots demanar per email o si ho prefereixes, pots usar <a href=\"https:\/\/www.aepd.es\/derechos-y-deberes\/ejerce-tus-derechos\">els elaborats per l&#8217;Ag\u00e8ncia Espanyola de Protecci\u00f3 de Dades o tercers.<\/a><\/p>\n<p>Aquests formularis han d&#8217;anar signats electr\u00f2nicament o acompanyats de fotoc\u00f2pia del DNI.<\/p>\n<p>Si et representa alg\u00fa, ha d&#8217;adjuntar c\u00f2pia del seu DNI, o ha d&#8217;estar signat amb la seva signatura electr\u00f2nica.<\/p>\n<p>Els formularis poden ser presentats presencialment, enviats per carta o per mail a l&#8217;adre\u00e7a del responsable que apareix a l&#8217;inici d&#8217;aquest text.<\/p>\n<p><strong>3. Retenci\u00f3, eliminaci\u00f3 i conservaci\u00f3 de dades. Quant de temps es conserven les dades?<\/strong><\/p>\n<p>Les teves dades seran conservades mentre es gestiona la relaci\u00f3 i durant el termini de responsabilitat.<\/p>\n<p>Conservarem les teves dades el temps estrictament necessari per a la finalitat prevista, \u00e9s a dir, gestionar les sol\u00b7licituds, i gestionar la seguretat de la informaci\u00f3.<\/p>\n<p>Posteriorment, les dades podran ser conservades per atendre possibles responsabilitats que puguin derivar-se durant el termini legal establert, transcorregut el qual seran suprimides.<\/p>\n<p><strong>4. Qui s\u00f3n els destinataris de les teves dades? Amb qui es comparteixen?<\/strong><\/p>\n<p>Amb car\u00e0cter general, no es comunicaran les teves dades personals a tercers, excepte obligaci\u00f3 legal, entre les quals poden estar les comunicacions a les Autoritats que ho requereixin.<\/p>\n<p>Les dades poden ser comunicades entre les empreses de Borges International Group en cas de cessi\u00f3 d&#8217;actius (Veure llistat a <a href=\"http:\/\/www.borgesinternationalgroup.es\">www.borgesinternationalgroup.es<\/a>).<\/p>\n<p><strong>5. Estan previstes transfer\u00e8ncies internacionals de dades?<\/strong><\/p>\n<p>T&#8217;informem que per a prestar els nostres serveis no es preveuen transfer\u00e8ncies internacionals.<\/p>\n<p><strong>6. Quines mesures de seguretat es prenen?<\/strong><\/p>\n<p>BORGES es compromet a l&#8217;\u00fas i tractament de les dades personals de l&#8217;usuari, respectant-ne la confidencialitat, d&#8217;acord amb la finalitat d&#8217;aquests; aix\u00ed com a complir amb la seva obligaci\u00f3 de guardar-los i adoptar totes les mesures per evitar-ne l&#8217;alteraci\u00f3, p\u00e8rdua, tractament o acc\u00e9s no autoritzat, de conformitat amb el que estableix la normativa vigent de protecci\u00f3 de dades.<\/p>\n<p>(Aquesta web inclou un certificat SSL. Es tracta d&#8217;un protocol de seguretat que fa que les teves dades viatgin de manera \u00edntegra i segura; \u00e9s a dir, la transmissi\u00f3 de les dades entre un servidor i l&#8217;usuari web, i en retroalimentaci\u00f3 \u00e9s totalment xifrada o encriptada.)<\/p>\n","protected":false},"excerpt":{"rendered":"<p>Pol\u00edtica\u00a0de privacitat i registre d&#8217;activitats D&#8217;acord amb el Reglament Europeu de Privacitat 679\/2016, t&#8217;informem que les dades passaran a formar&#8230;<\/p>\n","protected":false},"author":2,"featured_media":0,"parent":0,"menu_order":0,"comment_status":"closed","ping_status":"closed","template":"","meta":{"_acf_changed":false,"footnotes":""},"class_list":["post-3442","page","type-page","status-publish","hentry"],"acf":[],"yoast_head":"<!-- This site is optimized with the Yoast SEO plugin v27.5 - https:\/\/yoast.com\/product\/yoast-seo-wordpress\/ -->\n<title>Pol\u00edtica de privadesa - Borges<\/title>\n<meta name=\"robots\" content=\"noindex, follow\" \/>\n<meta property=\"og:locale\" content=\"ca_ES\" \/>\n<meta property=\"og:type\" content=\"article\" \/>\n<meta property=\"og:title\" content=\"Pol\u00edtica de privadesa - Borges\" \/>\n<meta property=\"og:description\" content=\"Pol\u00edtica\u00a0de privacitat i registre d&#8217;activitats D&#8217;acord amb el Reglament Europeu de Privacitat 679\/2016, t&#8217;informem que les dades passaran a formar...\" \/>\n<meta property=\"og:url\" content=\"https:\/\/borges.es\/ca\/politica-de-privadesa\/\" \/>\n<meta property=\"og:site_name\" content=\"Borges\" \/>\n<meta property=\"article:modified_time\" content=\"2024-10-11T12:23:19+00:00\" \/>\n<meta name=\"twitter:card\" content=\"summary_large_image\" \/>\n<meta name=\"twitter:label1\" content=\"Temps estimat de lectura\" \/>\n\t<meta name=\"twitter:data1\" content=\"5 minuts\" \/>\n<script type=\"application\/ld+json\" class=\"yoast-schema-graph\">{\"@context\":\"https:\\\/\\\/schema.org\",\"@graph\":[{\"@type\":\"WebPage\",\"@id\":\"https:\\\/\\\/borges.es\\\/ca\\\/politica-de-privadesa\\\/\",\"url\":\"https:\\\/\\\/borges.es\\\/ca\\\/politica-de-privadesa\\\/\",\"name\":\"Pol\u00edtica de privadesa - Borges\",\"isPartOf\":{\"@id\":\"https:\\\/\\\/borges.es\\\/ca\\\/#website\"},\"datePublished\":\"2018-06-07T15:38:33+00:00\",\"dateModified\":\"2024-10-11T12:23:19+00:00\",\"breadcrumb\":{\"@id\":\"https:\\\/\\\/borges.es\\\/ca\\\/politica-de-privadesa\\\/#breadcrumb\"},\"inLanguage\":\"ca\",\"potentialAction\":[{\"@type\":\"ReadAction\",\"target\":[\"https:\\\/\\\/borges.es\\\/ca\\\/politica-de-privadesa\\\/\"]}]},{\"@type\":\"BreadcrumbList\",\"@id\":\"https:\\\/\\\/borges.es\\\/ca\\\/politica-de-privadesa\\\/#breadcrumb\",\"itemListElement\":[{\"@type\":\"ListItem\",\"position\":1,\"name\":\"Home\",\"item\":\"https:\\\/\\\/borges.es\\\/ca\\\/\"},{\"@type\":\"ListItem\",\"position\":2,\"name\":\"Pol\u00edtica de privadesa\"}]},{\"@type\":\"WebSite\",\"@id\":\"https:\\\/\\\/borges.es\\\/ca\\\/#website\",\"url\":\"https:\\\/\\\/borges.es\\\/ca\\\/\",\"name\":\"Borges\",\"description\":\"Aqu\u00ed disfrutamos de la cocina saludable y sabrosa. \u00bfTe apuntas?\",\"inLanguage\":\"ca\"}]}<\/script>\n<!-- \/ Yoast SEO plugin. -->","yoast_head_json":{"title":"Pol\u00edtica de privadesa - Borges","robots":{"index":"noindex","follow":"follow"},"og_locale":"ca_ES","og_type":"article","og_title":"Pol\u00edtica de privadesa - Borges","og_description":"Pol\u00edtica\u00a0de privacitat i registre d&#8217;activitats D&#8217;acord amb el Reglament Europeu de Privacitat 679\/2016, t&#8217;informem que les dades passaran a formar...","og_url":"https:\/\/borges.es\/ca\/politica-de-privadesa\/","og_site_name":"Borges","article_modified_time":"2024-10-11T12:23:19+00:00","twitter_card":"summary_large_image","twitter_misc":{"Temps estimat de lectura":"5 minuts"},"schema":{"@context":"https:\/\/schema.org","@graph":[{"@type":"WebPage","@id":"https:\/\/borges.es\/ca\/politica-de-privadesa\/","url":"https:\/\/borges.es\/ca\/politica-de-privadesa\/","name":"Pol\u00edtica de privadesa - Borges","isPartOf":{"@id":"https:\/\/borges.es\/ca\/#website"},"datePublished":"2018-06-07T15:38:33+00:00","dateModified":"2024-10-11T12:23:19+00:00","breadcrumb":{"@id":"https:\/\/borges.es\/ca\/politica-de-privadesa\/#breadcrumb"},"inLanguage":"ca","potentialAction":[{"@type":"ReadAction","target":["https:\/\/borges.es\/ca\/politica-de-privadesa\/"]}]},{"@type":"BreadcrumbList","@id":"https:\/\/borges.es\/ca\/politica-de-privadesa\/#breadcrumb","itemListElement":[{"@type":"ListItem","position":1,"name":"Home","item":"https:\/\/borges.es\/ca\/"},{"@type":"ListItem","position":2,"name":"Pol\u00edtica de privadesa"}]},{"@type":"WebSite","@id":"https:\/\/borges.es\/ca\/#website","url":"https:\/\/borges.es\/ca\/","name":"Borges","description":"Aqu\u00ed disfrutamos de la cocina saludable y sabrosa. \u00bfTe apuntas?","inLanguage":"ca"}]}},"_links":{"self":[{"href":"https:\/\/borges.es\/ca\/wp-json\/wp\/v2\/pages\/3442","targetHints":{"allow":["GET"]}}],"collection":[{"href":"https:\/\/borges.es\/ca\/wp-json\/wp\/v2\/pages"}],"about":[{"href":"https:\/\/borges.es\/ca\/wp-json\/wp\/v2\/types\/page"}],"author":[{"embeddable":true,"href":"https:\/\/borges.es\/ca\/wp-json\/wp\/v2\/users\/2"}],"replies":[{"embeddable":true,"href":"https:\/\/borges.es\/ca\/wp-json\/wp\/v2\/comments?post=3442"}],"version-history":[{"count":5,"href":"https:\/\/borges.es\/ca\/wp-json\/wp\/v2\/pages\/3442\/revisions"}],"predecessor-version":[{"id":59550,"href":"https:\/\/borges.es\/ca\/wp-json\/wp\/v2\/pages\/3442\/revisions\/59550"}],"wp:attachment":[{"href":"https:\/\/borges.es\/ca\/wp-json\/wp\/v2\/media?parent=3442"}],"curies":[{"name":"wp","href":"https:\/\/api.w.org\/{rel}","templated":true}]}}